{"id":11582,"date":"2025-07-31T15:17:39","date_gmt":"2025-07-31T18:17:39","guid":{"rendered":"https:\/\/fcm-hndtexgzbdaucqgt.westus2-01.azurewebsites.net\/?page_id=11582"},"modified":"2025-08-06T11:50:25","modified_gmt":"2025-08-06T14:50:25","slug":"fcm-law-obrigado-ebook","status":"publish","type":"page","link":"https:\/\/lp.fcm.law\/en\/fcm-law-obrigado-ebook\/","title":{"rendered":"FCM.Law &#8211; Obrigado Ebook"},"content":{"rendered":"<div data-elementor-type=\"wp-page\" data-elementor-id=\"11582\" class=\"elementor elementor-11582\">\n\t\t\t\t<div class=\"elementor-element elementor-element-3e4fdc6 e-flex e-con-boxed e-con e-parent\" data-id=\"3e4fdc6\" data-element_type=\"container\" data-settings=\"{&quot;background_background&quot;:&quot;classic&quot;}\">\n\t\t\t\t\t<div class=\"e-con-inner\">\n\t\t\t\t<div class=\"elementor-element elementor-element-b898b4a elementor-absolute elementor-widget elementor-widget-image\" data-id=\"b898b4a\" data-element_type=\"widget\" data-settings=\"{&quot;_position&quot;:&quot;absolute&quot;}\" data-widget_type=\"image.default\">\n\t\t\t\t<div class=\"elementor-widget-container\">\n\t\t\t\t\t\t\t\t\t\t\t\t\t\t\t<img fetchpriority=\"high\" decoding=\"async\" width=\"494\" height=\"441\" src=\"\/wp-content\/uploads\/2025\/07\/Object-1.png\" class=\"attachment-large size-large wp-image-11498\" alt=\"\" srcset=\"\/wp-content\/uploads\/2025\/07\/Object-1.png 494w, \/wp-content\/uploads\/2025\/07\/Object-1-300x268.png 300w\" sizes=\"(max-width: 494px) 100vw, 494px\" \/>\t\t\t\t\t\t\t\t\t\t\t\t\t\t\t<\/div>\n\t\t\t\t<\/div>\n\t\t\t\t<div class=\"elementor-element elementor-element-31b0d41 elementor-widget elementor-widget-image\" data-id=\"31b0d41\" data-element_type=\"widget\" data-widget_type=\"image.default\">\n\t\t\t\t<div class=\"elementor-widget-container\">\n\t\t\t\t\t\t\t\t\t\t\t\t\t\t\t<img decoding=\"async\" width=\"199\" height=\"199\" src=\"\/wp-content\/uploads\/2025\/07\/confirmacao.png\" class=\"attachment-large size-large wp-image-11584\" alt=\"\" srcset=\"\/wp-content\/uploads\/2025\/07\/confirmacao.png 199w, \/wp-content\/uploads\/2025\/07\/confirmacao-150x150.png 150w, \/wp-content\/uploads\/2025\/07\/confirmacao-80x80.png 80w, \/wp-content\/uploads\/2025\/07\/confirmacao-140x140.png 140w\" sizes=\"(max-width: 199px) 100vw, 199px\" \/>\t\t\t\t\t\t\t\t\t\t\t\t\t\t\t<\/div>\n\t\t\t\t<\/div>\n\t\t\t\t<div class=\"elementor-element elementor-element-b4fa768 elementor-widget elementor-widget-heading\" data-id=\"b4fa768\" data-element_type=\"widget\" data-widget_type=\"heading.default\">\n\t\t\t\t<div class=\"elementor-widget-container\">\n\t\t\t\t\t<h2 class=\"elementor-heading-title elementor-size-default\">Seu e-book j\u00e1 est\u00e1 no seu e-mail!<\/h2>\t\t\t\t<\/div>\n\t\t\t\t<\/div>\n\t\t\t\t<div class=\"elementor-element elementor-element-206dbd8 elementor-widget elementor-widget-text-editor\" data-id=\"206dbd8\" data-element_type=\"widget\" data-widget_type=\"text-editor.default\">\n\t\t\t\t<div class=\"elementor-widget-container\">\n\t\t\t\t\t\t\t\t\t<p>Verifique sua caixa de entrada e a de spam<\/p>\t\t\t\t\t\t\t\t<\/div>\n\t\t\t\t<\/div>\n\t\t\t\t<div class=\"elementor-element elementor-element-3403413 elementor-widget elementor-widget-text-editor\" data-id=\"3403413\" data-element_type=\"widget\" data-widget_type=\"text-editor.default\">\n\t\t\t\t<div class=\"elementor-widget-container\">\n\t\t\t\t\t\t\t\t\t<p>Bom estudo,<br \/>agrademos sua inscri\u00e7\u00e3o!\u00a0<\/p>\t\t\t\t\t\t\t\t<\/div>\n\t\t\t\t<\/div>\n\t\t\t\t<div class=\"elementor-element elementor-element-3b43223 elementor-align-center elementor-widget elementor-widget-button\" data-id=\"3b43223\" data-element_type=\"widget\" data-widget_type=\"button.default\">\n\t\t\t\t<div class=\"elementor-widget-container\">\n\t\t\t\t\t\t\t\t\t<div class=\"elementor-button-wrapper\">\n\t\t\t\t\t<a class=\"elementor-button elementor-button-link elementor-size-sm\" href=\"https:\/\/www.fcm.law\/\">\n\t\t\t\t\t\t<span class=\"elementor-button-content-wrapper\">\n\t\t\t\t\t\t\t\t\t<span class=\"elementor-button-text\">Voltar \u00e0 p\u00e1gina inicial<\/span>\n\t\t\t\t\t<\/span>\n\t\t\t\t\t<\/a>\n\t\t\t\t<\/div>\n\t\t\t\t\t\t\t\t<\/div>\n\t\t\t\t<\/div>\n\t\t\t\t<div class=\"elementor-element elementor-element-91775e6 elementor-absolute elementor-widget elementor-widget-image\" data-id=\"91775e6\" data-element_type=\"widget\" data-settings=\"{&quot;_position&quot;:&quot;absolute&quot;}\" data-widget_type=\"image.default\">\n\t\t\t\t<div class=\"elementor-widget-container\">\n\t\t\t\t\t\t\t\t\t\t\t\t\t\t\t<img decoding=\"async\" width=\"388\" height=\"711\" src=\"\/wp-content\/uploads\/2025\/07\/Object.png\" class=\"attachment-large size-large wp-image-11496\" alt=\"\" srcset=\"\/wp-content\/uploads\/2025\/07\/Object.png 388w, \/wp-content\/uploads\/2025\/07\/Object-164x300.png 164w\" sizes=\"(max-width: 388px) 100vw, 388px\" \/>\t\t\t\t\t\t\t\t\t\t\t\t\t\t\t<\/div>\n\t\t\t\t<\/div>\n\t\t\t\t\t<\/div>\n\t\t\t\t<\/div>\n\t\t\t\t<\/div>","protected":false},"excerpt":{"rendered":"<p>Seu e-book j\u00e1 est\u00e1 no seu e-mail! Verifique sua caixa de entrada e a de spam Bom estudo,agrademos sua inscri\u00e7\u00e3o!\u00a0 Voltar \u00e0 p\u00e1gina inicial<\/p>","protected":false},"author":1,"featured_media":0,"parent":0,"menu_order":0,"comment_status":"closed","ping_status":"closed","template":"template-builder.php","meta":{"footnotes":""},"class_list":["post-11582","page","type-page","status-publish","hentry"],"_links":{"self":[{"href":"https:\/\/lp.fcm.law\/en\/wp-json\/wp\/v2\/pages\/11582","targetHints":{"allow":["GET"]}}],"collection":[{"href":"https:\/\/lp.fcm.law\/en\/wp-json\/wp\/v2\/pages"}],"about":[{"href":"https:\/\/lp.fcm.law\/en\/wp-json\/wp\/v2\/types\/page"}],"author":[{"embeddable":true,"href":"https:\/\/lp.fcm.law\/en\/wp-json\/wp\/v2\/users\/1"}],"replies":[{"embeddable":true,"href":"https:\/\/lp.fcm.law\/en\/wp-json\/wp\/v2\/comments?post=11582"}],"version-history":[{"count":28,"href":"https:\/\/lp.fcm.law\/en\/wp-json\/wp\/v2\/pages\/11582\/revisions"}],"predecessor-version":[{"id":11884,"href":"https:\/\/lp.fcm.law\/en\/wp-json\/wp\/v2\/pages\/11582\/revisions\/11884"}],"wp:attachment":[{"href":"https:\/\/lp.fcm.law\/en\/wp-json\/wp\/v2\/media?parent=11582"}],"curies":[{"name":"wp","href":"https:\/\/api.w.org\/{rel}","templated":true}]}}