{"id":11089,"date":"2025-07-07T16:31:58","date_gmt":"2025-07-07T19:31:58","guid":{"rendered":"https:\/\/fcm-hndtexgzbdaucqgt.westus2-01.azurewebsites.net\/?page_id=11089"},"modified":"2026-01-08T16:59:59","modified_gmt":"2026-01-08T19:59:59","slug":"resolucao-de-disputas-extrajudiciais-e-judiciais","status":"publish","type":"page","link":"https:\/\/lp.fcm.law\/en\/resolucao-de-disputas-extrajudiciais-e-judiciais\/","title":{"rendered":"Resolu\u00e7\u00e3o de Disputas Extrajudiciais e Judiciais"},"content":{"rendered":"<div data-elementor-type=\"wp-page\" data-elementor-id=\"11089\" class=\"elementor elementor-11089\">\n\t\t\t\t\t\t<section class=\"elementor-section elementor-top-section elementor-element elementor-element-4a800654 elementor-section-boxed elementor-section-height-default elementor-section-height-default\" data-id=\"4a800654\" data-element_type=\"section\" data-settings=\"{&quot;background_background&quot;:&quot;classic&quot;}\">\n\t\t\t\t\t\t<div class=\"elementor-container elementor-column-gap-no\">\n\t\t\t\t\t<div class=\"elementor-column elementor-col-100 elementor-top-column elementor-element elementor-element-1d3b9efc\" data-id=\"1d3b9efc\" data-element_type=\"column\">\n\t\t\t<div class=\"elementor-widget-wrap elementor-element-populated\">\n\t\t\t\t\t\t<section class=\"elementor-section elementor-inner-section elementor-element elementor-element-2202ec6e elementor-section-full_width elementor-section-height-default elementor-section-height-default\" data-id=\"2202ec6e\" data-element_type=\"section\">\n\t\t\t\t\t\t<div class=\"elementor-container elementor-column-gap-no\">\n\t\t\t\t\t<div class=\"elementor-column elementor-col-50 elementor-inner-column elementor-element elementor-element-3ec19dd5 page-single\" data-id=\"3ec19dd5\" data-element_type=\"column\">\n\t\t\t<div class=\"elementor-widget-wrap elementor-element-populated\">\n\t\t\t\t\t\t<div class=\"elementor-element elementor-element-24292833 page-img elementor-widget elementor-widget-image\" data-id=\"24292833\" data-element_type=\"widget\" data-widget_type=\"image.default\">\n\t\t\t\t<div class=\"elementor-widget-container\">\n\t\t\t\t\t\t\t\t\t\t\t\t\t\t\t<img fetchpriority=\"high\" decoding=\"async\" width=\"789\" height=\"500\" src=\"\/wp-content\/uploads\/2025\/07\/Resolucao-de-Disputas-Extrajudiciais-e-Judiciais.jpg\" class=\"attachment-full size-full wp-image-11187\" alt=\"\" srcset=\"\/wp-content\/uploads\/2025\/07\/Resolucao-de-Disputas-Extrajudiciais-e-Judiciais.jpg 789w, \/wp-content\/uploads\/2025\/07\/Resolucao-de-Disputas-Extrajudiciais-e-Judiciais-300x190.jpg 300w, \/wp-content\/uploads\/2025\/07\/Resolucao-de-Disputas-Extrajudiciais-e-Judiciais-768x487.jpg 768w\" sizes=\"(max-width: 789px) 100vw, 789px\" \/>\t\t\t\t\t\t\t\t\t\t\t\t\t\t\t<\/div>\n\t\t\t\t<\/div>\n\t\t\t\t<div class=\"elementor-element elementor-element-3e358639 h3 page-title elementor-widget elementor-widget-heading\" data-id=\"3e358639\" data-element_type=\"widget\" data-widget_type=\"heading.default\">\n\t\t\t\t<div class=\"elementor-widget-container\">\n\t\t\t\t\t<h3 class=\"elementor-heading-title elementor-size-default\">Resolu\u00e7\u00e3o de Disputas Extrajudiciais e Judiciais<\/h3>\t\t\t\t<\/div>\n\t\t\t\t<\/div>\n\t\t\t\t<div class=\"elementor-element elementor-element-fab3ecb elementor-widget elementor-widget-text-editor\" data-id=\"fab3ecb\" data-element_type=\"widget\" data-widget_type=\"text-editor.default\">\n\t\t\t\t<div class=\"elementor-widget-container\">\n\t\t\t\t\t\t\t\t\t<div><div><div>Em um mundo empresarial din\u00e2mico, \u00e9 quase inevit\u00e1vel o surgimento de disputas ao longo do caminho. Por isto, a mitiga\u00e7\u00e3o de conflitos e a aptid\u00e3o para a condu\u00e7\u00e3o de negocia\u00e7\u00f5es tornam-se fatores cruciais para o sucesso de qualquer empreendimento.<\/div><div>\u00a0<\/div><div>Com uma equipe altamente especializada no assunto, o FCM Law, atua com suporte em resolu\u00e7\u00e3o de disputas extrajudiciais e judiciais. Incluindo, a media\u00e7\u00e3o e negocia\u00e7\u00e3o de conflitos, permitindo sempre que poss\u00edvel, que sua empresa evite lit\u00edgios demorados e custosos.<\/div><div>\u00a0<\/div><div>Nossa abordagem \u00e9 orientada para resultados e visa alcan\u00e7ar acordos favor\u00e1veis que atendam aos melhores interesses dos envolvidos, sempre trazendo uma perspectiva t\u00e9cnica e pragm\u00e1tica para a ado\u00e7\u00e3o da solu\u00e7\u00e3o mais estrat\u00e9gica. No entanto, caso a resolu\u00e7\u00e3o extrajudicial n\u00e3o seja vi\u00e1vel, nossa equipe est\u00e1 preparada para representar nossos clientes em lit\u00edgios judiciais de forma eficaz.<\/div><div>\u00a0<\/div><div>Possu\u00edmos uma vasta experi\u00eancia em lit\u00edgios estrat\u00e9gicos, com desenvolvimento de abordagens jur\u00eddicas s\u00f3lidas para proteger seus interesses. Com atua\u00e7\u00e3o proativa, visamos minimizar interrup\u00e7\u00f5es nos neg\u00f3cios e otimizar a efici\u00eancia do processo judicial.<\/div><div>\u00a0<\/div><div>Al\u00e9m disso, nosso compromisso com a resolu\u00e7\u00e3o de conflitos vai al\u00e9m do aspecto puramente legal. Compreendemos os desafios emocionais e financeiros que as disputas podem trazer, havendo ampla an\u00e1lise dos fatores intr\u00ednsecos ao caso para trazer o melhor resultado ao nosso cliente.<\/div><div>\u00a0<\/div><div>Nosso foco \u00e9 sempre em buscar solu\u00e7\u00f5es jur\u00eddicas estrat\u00e9gicas e seguras, personalizadas para atender \u00e0s necessidades espec\u00edficas de nossos clientes. Isso nos permite desenvolver estrat\u00e9gias sob medida refletindo em melhores resultados do ponto de vista legal, econ\u00f4mico e at\u00e9 mesmo emocional.<\/div><\/div><\/div>\t\t\t\t\t\t\t\t<\/div>\n\t\t\t\t<\/div>\n\t\t\t\t\t<\/div>\n\t\t<\/div>\n\t\t\t\t<div class=\"elementor-column elementor-col-50 elementor-inner-column elementor-element elementor-element-4cbe110\" data-id=\"4cbe110\" data-element_type=\"column\" data-settings=\"{&quot;background_background&quot;:&quot;classic&quot;}\">\n\t\t\t<div class=\"elementor-widget-wrap elementor-element-populated\">\n\t\t\t\t\t\t<div class=\"elementor-element elementor-element-3f856fe elementor-widget elementor-widget-heading\" data-id=\"3f856fe\" data-element_type=\"widget\" data-widget_type=\"heading.default\">\n\t\t\t\t<div class=\"elementor-widget-container\">\n\t\t\t\t\t<h2 class=\"elementor-heading-title elementor-size-default\">A sua revolu\u00e7\u00e3o jur\u00eddica come\u00e7a agora!<\/h2>\t\t\t\t<\/div>\n\t\t\t\t<\/div>\n\t\t\t\t<div class=\"elementor-element elementor-element-90e5757 elementor-widget elementor-widget-heading\" data-id=\"90e5757\" data-element_type=\"widget\" data-widget_type=\"heading.default\">\n\t\t\t\t<div class=\"elementor-widget-container\">\n\t\t\t\t\t<h2 class=\"elementor-heading-title elementor-size-default\">Todos os servi\u00e7os<\/h2>\t\t\t\t<\/div>\n\t\t\t\t<\/div>\n\t\t\t\t<div class=\"elementor-element elementor-element-173ab95 menu-com-seta elementor-widget elementor-widget-tp-navigation-menu-lite\" data-id=\"173ab95\" data-element_type=\"widget\" data-widget_type=\"tp-navigation-menu-lite.default\">\n\t\t\t\t<div class=\"elementor-widget-container\">\n\t\t\t\t\t\n\t\t<div class=\"plus-navigation-wrap text-left nav-menu69f5f1b5e2a43\">\n\t\t\t<div class=\"plus-navigation-inner menu-hover main-menu-indicator-none sub-menu-indicator-none\"  data-menu_transition=\"style-1\">\n\t\t\t\t<div id=\"theplus-navigation-normal-menu\" class=\"collapse navbar-collapse navbar-ex1-collapse\">\n\t\n\t\t\t\t\t<div class=\"plus-navigation-menu menu-horizontal\">\n\t\t\t\t\t\t\n\t\t\t\t\t\t<div class=\"plus-navigation-menu menu-horizontal\"><ul id=\"menu-servicos\" class=\"nav navbar-nav yamm menu-hover-none\"><li id=\"menu-item-11293\" class=\"menu-item menu-item-type-post_type menu-item-object-page animate-dropdown menu-item-11293\" ><a title=\"Prote\u00e7\u00e3o e Gest\u00e3o de Ativos Intelectuais\" href=\"https:\/\/lp.fcm.law\/en\/protecao-e-gestao-de-ativos-intelectuais\/\" data-text=\"Prote\u00e7\u00e3o e Gest\u00e3o de Ativos Intelectuais\">Prote\u00e7\u00e3o e Gest\u00e3o de Ativos Intelectuais<\/a><\/li>\n<li id=\"menu-item-11294\" class=\"menu-item menu-item-type-post_type menu-item-object-page animate-dropdown menu-item-11294\" ><a title=\"Regula\u00e7\u00e3o e Compliance em Tecnologia\" href=\"https:\/\/lp.fcm.law\/en\/regulacao-e-compliance-em-tecnologia\/\" data-text=\"Regula\u00e7\u00e3o e Compliance em Tecnologia\">Regula\u00e7\u00e3o e Compliance em Tecnologia<\/a><\/li>\n<li id=\"menu-item-11295\" class=\"menu-item menu-item-type-post_type menu-item-object-page animate-dropdown menu-item-11295\" ><a title=\"Blockchain e web3\" href=\"https:\/\/lp.fcm.law\/en\/blockchain-e-web3\/\" data-text=\"Blockchain e web3\">Blockchain e web3<\/a><\/li>\n<li id=\"menu-item-11296\" class=\"menu-item menu-item-type-post_type menu-item-object-page animate-dropdown menu-item-11296\" ><a title=\"Venture Capital e M&amp;A\" href=\"https:\/\/lp.fcm.law\/en\/venture-capital-e-ma\/\" data-text=\"Venture Capital e M&amp;A\">Venture Capital e M&amp;A<\/a><\/li>\n<li id=\"menu-item-11297\" class=\"menu-item menu-item-type-post_type menu-item-object-page animate-dropdown menu-item-11297\" ><a title=\"B2Gov e Fomento\" href=\"https:\/\/lp.fcm.law\/en\/b2gov-e-formento\/\" data-text=\"B2Gov e Fomento\">B2Gov e Fomento<\/a><\/li>\n<li id=\"menu-item-11298\" class=\"menu-item menu-item-type-post_type menu-item-object-page animate-dropdown menu-item-11298\" ><a title=\"Compliance Tribut\u00e1rio e Cont\u00e1bil\" href=\"https:\/\/lp.fcm.law\/en\/compliance-tributario-e-contabil\/\" data-text=\"Compliance Tribut\u00e1rio e Cont\u00e1bil\">Compliance Tribut\u00e1rio e Cont\u00e1bil<\/a><\/li>\n<li id=\"menu-item-11299\" class=\"menu-item menu-item-type-post_type menu-item-object-page animate-dropdown menu-item-11299\" ><a title=\"Resolu\u00e7\u00e3o de Disputas Extrajudiciais e Judiciais\" href=\"https:\/\/lp.fcm.law\/en\/resolucao-de-disputas-extrajudiciais-e-judiciais\/\" data-text=\"Resolu\u00e7\u00e3o de Disputas Extrajudiciais e Judiciais\">Resolu\u00e7\u00e3o de Disputas Extrajudiciais e Judiciais<\/a><\/li>\n<li id=\"menu-item-11301\" class=\"menu-item menu-item-type-post_type menu-item-object-page animate-dropdown menu-item-11301\" ><a title=\"Startups e Empresas de tecnologia\" href=\"https:\/\/lp.fcm.law\/en\/startups-e-empresas-de-tecnologia\/\" data-text=\"Startups e Empresas de tecnologia\">Startups e Empresas de tecnologia<\/a><\/li>\n<li id=\"menu-item-11302\" class=\"menu-item menu-item-type-post_type menu-item-object-page animate-dropdown menu-item-11302\" ><a title=\"Corporate Innovation\" href=\"https:\/\/lp.fcm.law\/en\/corporate-innovation\/\" data-text=\"Corporate Innovation\">Corporate Innovation<\/a><\/li>\n<li id=\"menu-item-11303\" class=\"menu-item menu-item-type-post_type menu-item-object-page animate-dropdown menu-item-11303\" ><a title=\"Patrimonial e Sucess\u00f3rio\" href=\"https:\/\/lp.fcm.law\/en\/patrimonial-e-sucessorio\/\" data-text=\"Patrimonial e Sucess\u00f3rio\">Patrimonial e Sucess\u00f3rio<\/a><\/li>\n<li id=\"menu-item-11304\" class=\"menu-item menu-item-type-post_type menu-item-object-page animate-dropdown menu-item-11304\" ><a title=\"Trabalhista Corporativo\" href=\"https:\/\/lp.fcm.law\/en\/trabalhista-corporativo\/\" data-text=\"Trabalhista Corporativo\">Trabalhista Corporativo<\/a><\/li>\n<li id=\"menu-item-13065\" class=\"menu-item menu-item-type-post_type menu-item-object-page animate-dropdown menu-item-13065\" ><a title=\"Legal Design e Visual Law\" href=\"https:\/\/lp.fcm.law\/en\/legal-design-e-visual-law\/\" data-text=\"Legal Design e Visual Law\">Legal Design e Visual Law<\/a><\/li>\n<li id=\"menu-item-13066\" class=\"menu-item menu-item-type-post_type menu-item-object-page animate-dropdown menu-item-13066\" ><a title=\"Legal Ops\" href=\"https:\/\/lp.fcm.law\/en\/legal-ops\/\" data-text=\"Legal Ops\">Legal Ops<\/a><\/li>\n<li id=\"menu-item-13067\" class=\"menu-item menu-item-type-post_type menu-item-object-page animate-dropdown menu-item-13067\" ><a title=\"Imobili\u00e1rio\" href=\"https:\/\/lp.fcm.law\/en\/imobiliario\/\" data-text=\"Imobili\u00e1rio\">Imobili\u00e1rio<\/a><\/li>\n<\/ul><\/div>\t\t\t\t\t<\/div>\n\t\t\t\t<\/div>\n\n\t\t\t\t\t\t\t\t\n\t\t\t\t\t<div class=\"plus-mobile-nav-toggle navbar-header mobile-toggle\">\n\t\t\t\t\t\t<div class=\"mobile-plus-toggle-menu plus-collapsed toggle-style-1\" data-target=\"#plus-mobile-nav-toggle-nav-menu69f5f1b5e2a43\">\n\t\t\t\t\t\t\t\t\t\t\t\t\t\t<ul class=\"toggle-lines\">\n\t\t\t\t\t\t\t\t<li class=\"toggle-line\"><\/li>\n\t\t\t\t\t\t\t\t<li class=\"toggle-line\"><\/li>\n\t\t\t\t\t\t\t<\/ul>\n\t\t\t\t\t\t\t\t\t\t\t\t\t<\/div>\n\t\t\t\t\t<\/div>\n\t\t\t\t\n\t\t\t\t\t<div id=\"plus-mobile-nav-toggle-nav-menu69f5f1b5e2a43\"\n\t\t\t\t\t\tclass=\"plus-mobile-menu  collapse navbar-collapse navbar-ex1-collapse plus-mobile-menu-content\">\n\t\t\t\t\t\t\t\t\t\t\t\t\t\t\t\t\t<\/div>\n\t\t\t\t\t\t\t\t\n\t\t\t<\/div>\n\t\t<\/div>\n\t\t \n\t\t<style>@media (min-width:992px){.plus-navigation-wrap.nav-menu69f5f1b5e2a43 #theplus-navigation-normal-menu{display: block!important;}.plus-navigation-wrap.nav-menu69f5f1b5e2a43 #plus-mobile-nav-toggle-nav-menu69f5f1b5e2a43.collapse.in{display:none;}}@media (max-width:991px){.plus-navigation-wrap.nav-menu69f5f1b5e2a43 #theplus-navigation-normal-menu{display:none !important;}.plus-navigation-wrap.nav-menu69f5f1b5e2a43 .plus-mobile-nav-toggle.mobile-toggle{display: -webkit-flex;display: -moz-flex;display: -ms-flex;display: flex;-webkit-align-items: center;-moz-align-items: center;-ms-align-items: center;align-items: center;-webkit-justify-content: flex-end;-moz-justify-content: flex-end;-ms-justify-content: flex-end;justify-content: flex-end;}}<\/style>\t\t\t\t<\/div>\n\t\t\t\t<\/div>\n\t\t\t\t\t<\/div>\n\t\t<\/div>\n\t\t\t\t\t<\/div>\n\t\t<\/section>\n\t\t\t\t\t<\/div>\n\t\t<\/div>\n\t\t\t\t\t<\/div>\n\t\t<\/section>\n\t\t\t\t<\/div>","protected":false},"excerpt":{"rendered":"<p>Resolu\u00e7\u00e3o de Disputas Extrajudiciais e Judiciais Em um mundo empresarial din\u00e2mico, \u00e9 quase inevit\u00e1vel o surgimento de disputas ao longo do caminho. Por isto, a mitiga\u00e7\u00e3o de conflitos e a aptid\u00e3o para a condu\u00e7\u00e3o de negocia\u00e7\u00f5es tornam-se fatores cruciais para o sucesso de qualquer empreendimento.\u00a0Com uma equipe altamente especializada no assunto, o FCM Law, atua [&hellip;]<\/p>","protected":false},"author":1,"featured_media":0,"parent":0,"menu_order":0,"comment_status":"closed","ping_status":"closed","template":"template-builder.php","meta":{"footnotes":""},"class_list":["post-11089","page","type-page","status-publish","hentry"],"_links":{"self":[{"href":"https:\/\/lp.fcm.law\/en\/wp-json\/wp\/v2\/pages\/11089","targetHints":{"allow":["GET"]}}],"collection":[{"href":"https:\/\/lp.fcm.law\/en\/wp-json\/wp\/v2\/pages"}],"about":[{"href":"https:\/\/lp.fcm.law\/en\/wp-json\/wp\/v2\/types\/page"}],"author":[{"embeddable":true,"href":"https:\/\/lp.fcm.law\/en\/wp-json\/wp\/v2\/users\/1"}],"replies":[{"embeddable":true,"href":"https:\/\/lp.fcm.law\/en\/wp-json\/wp\/v2\/comments?post=11089"}],"version-history":[{"count":34,"href":"https:\/\/lp.fcm.law\/en\/wp-json\/wp\/v2\/pages\/11089\/revisions"}],"predecessor-version":[{"id":13224,"href":"https:\/\/lp.fcm.law\/en\/wp-json\/wp\/v2\/pages\/11089\/revisions\/13224"}],"wp:attachment":[{"href":"https:\/\/lp.fcm.law\/en\/wp-json\/wp\/v2\/media?parent=11089"}],"curies":[{"name":"wp","href":"https:\/\/api.w.org\/{rel}","templated":true}]}}